{"id":72,"date":"2017-08-14T16:21:11","date_gmt":"2017-08-14T16:21:11","guid":{"rendered":"http:\/\/best-tappeti.it\/lavaggio-tappeti\/brescia-bergamo\/?page_id=72"},"modified":"2023-09-28T14:59:08","modified_gmt":"2023-09-28T14:59:08","slug":"lavaggio-tappeti-brescia-domicilio","status":"publish","type":"page","link":"http:\/\/best-tappeti.it\/lavaggio-tappeti\/brescia-bergamo\/lavaggio-tappeti-brescia-domicilio\/","title":{"rendered":"Lavaggio tappeti a Brescia a domicilio"},"content":{"rendered":"<h2>LAVAGGIO TAPPETI &nbsp; BRESCIA A DOMICILIO<\/h2>\n<p>Best ti offre un servizio di <strong>lavaggio a domicilio<\/strong>&nbsp; comprensivo di ritiro e riconsegna direttamente a casa tua. &nbsp;Per avere un tappeto sanificato &nbsp;e deodorato, libero da acari puoi affidarti a noi. Lavare un tappeto in casa \u00e8 un lavoro estremamente faticoso, richiede l&#8217;uso di potenti aspiratori, necessit\u00e0 di molto spazio e superfici pulite per poter risciacquare in modo perfetto il tappeto per evitare che si formino cattivi odori. Anche l&#8217;asciugatura \u00e8 complessa: se il tappeto resta umido pu\u00f2 puzzare o persino marcire, se viene appeso o lasciato al sole si pu\u00f2 deformare, scolorire o persino seccare.<\/p>\n<p>Inviaci la tua richiesta con le misure del tappeto e le sue condizioni, ti manderemo <strong>un preventivo senza impegno<\/strong> con tutte le informazioni sul servizio.<\/p>\n<p><strong>Spendi 2 minuti e risolvi il tuo problema<\/strong><\/p>\n<p>Trattamenti previsti nel lavaggio Normale:<\/p>\n<ul>\n<li>lavaggio ad acqua<\/li>\n<li>prodotto anti acaro standard<\/li>\n<li>deodorazione<\/li>\n<li>de-polverizzaione tappeto<\/li>\n<li>risciacquo<\/li>\n<li>asciugatura a temperatura ed umidit\u00e0 controllata<\/li>\n<\/ul>\n<p>Il miglior servizio di pulizia a domicilio per ogni tipo di tappeto a Brescia e Provincia<\/p>\n<p>&nbsp;<\/p>\n<p>&nbsp;<\/p>\n<p>&nbsp;<\/p>\n","protected":false},"excerpt":{"rendered":"<p>LAVAGGIO TAPPETI &nbsp; BRESCIA A DOMICILIO Best ti offre un servizio di lavaggio a domicilio&nbsp; comprensivo di ritiro e riconsegna &hellip; <\/p>\n","protected":false},"author":1,"featured_media":11,"parent":0,"menu_order":0,"comment_status":"closed","ping_status":"closed","template":"elementor_theme","meta":{"footnotes":""},"class_list":["post-72","page","type-page","status-publish","has-post-thumbnail","hentry"],"_links":{"self":[{"href":"http:\/\/best-tappeti.it\/lavaggio-tappeti\/brescia-bergamo\/wp-json\/wp\/v2\/pages\/72","targetHints":{"allow":["GET"]}}],"collection":[{"href":"http:\/\/best-tappeti.it\/lavaggio-tappeti\/brescia-bergamo\/wp-json\/wp\/v2\/pages"}],"about":[{"href":"http:\/\/best-tappeti.it\/lavaggio-tappeti\/brescia-bergamo\/wp-json\/wp\/v2\/types\/page"}],"author":[{"embeddable":true,"href":"http:\/\/best-tappeti.it\/lavaggio-tappeti\/brescia-bergamo\/wp-json\/wp\/v2\/users\/1"}],"replies":[{"embeddable":true,"href":"http:\/\/best-tappeti.it\/lavaggio-tappeti\/brescia-bergamo\/wp-json\/wp\/v2\/comments?post=72"}],"version-history":[{"count":2,"href":"http:\/\/best-tappeti.it\/lavaggio-tappeti\/brescia-bergamo\/wp-json\/wp\/v2\/pages\/72\/revisions"}],"predecessor-version":[{"id":228,"href":"http:\/\/best-tappeti.it\/lavaggio-tappeti\/brescia-bergamo\/wp-json\/wp\/v2\/pages\/72\/revisions\/228"}],"wp:featuredmedia":[{"embeddable":true,"href":"http:\/\/best-tappeti.it\/lavaggio-tappeti\/brescia-bergamo\/wp-json\/wp\/v2\/media\/11"}],"wp:attachment":[{"href":"http:\/\/best-tappeti.it\/lavaggio-tappeti\/brescia-bergamo\/wp-json\/wp\/v2\/media?parent=72"}],"curies":[{"name":"wp","href":"https:\/\/api.w.org\/{rel}","templated":true}]}}